{"id":98,"date":"2017-03-01T11:04:47","date_gmt":"2017-03-01T10:04:47","guid":{"rendered":"http:\/\/untempspoursoi-wavre.be\/?page_id=98"},"modified":"2022-09-09T06:21:43","modified_gmt":"2022-09-09T04:21:43","slug":"microkinesitherapie","status":"publish","type":"page","link":"https:\/\/untempspoursoi-wavre.be\/index.php\/microkinesitherapie\/","title":{"rendered":"Microkin\u00e9sith\u00e9rapie"},"content":{"rendered":"<p>[tm_pb_section admin_label=\u00a0\u00bbsection\u00a0\u00bb][tm_pb_row admin_label=\u00a0\u00bbrow\u00a0\u00bb][tm_pb_column type=\u00a0\u00bb2_3&Prime;][tm_pb_text admin_label=\u00a0\u00bbMicrokin\u00e9sith\u00e9rapie\u00a0\u00bb text_orientation=\u00a0\u00bbleft\u00a0\u00bb use_border_color=\u00a0\u00bboff\u00a0\u00bb border_color=\u00a0\u00bb#ffffff\u00a0\u00bb border_style=\u00a0\u00bbsolid\u00a0\u00bb]<\/p>\n<h4>La microkin\u00e9sith\u00e9rapie en r\u00e9sum\u00e9<\/h4>\n<p>Traitement qui a pour but de rechercher sur le corps les traces laiss\u00e9es par les agressions traumatiques, \u00e9motionnelles, toxiques, virales, microbiennes ou environnementales.<br \/>\nPar son effet de remise en m\u00e9moire, elle va stimuler les m\u00e9canismes d&rsquo;autocorrections afin d&rsquo;\u00e9viter ou de ralentir la d\u00e9gradation des tissus et d&rsquo;en r\u00e9tablir la fonction.<\/p>\n<p>Elle est une aide pr\u00e9cieuse pour retrouver son \u00e9quilibre de sant\u00e9.<\/p>\n<p>[\/tm_pb_text][\/tm_pb_column][tm_pb_column type=\u00a0\u00bb1_3&Prime;][\/tm_pb_column][\/tm_pb_row][tm_pb_row admin_label=\u00a0\u00bbRow\u00a0\u00bb][tm_pb_column type=\u00a0\u00bb2_3&Prime;][tm_pb_text admin_label=\u00a0\u00bbText\u00a0\u00bb text_orientation=\u00a0\u00bbleft\u00a0\u00bb use_border_color=\u00a0\u00bboff\u00a0\u00bb border_color=\u00a0\u00bb#ffffff\u00a0\u00bb border_style=\u00a0\u00bbsolid\u00a0\u00bb]<\/p>\n<h4>Questions fr\u00e9quentes sur la microkin\u00e9sith\u00e9rapie :<\/h4>\n<p>[\/tm_pb_text][\/tm_pb_column][tm_pb_column type=\u00a0\u00bb1_3&Prime;][\/tm_pb_column][\/tm_pb_row][tm_pb_row admin_label=\u00a0\u00bbRow\u00a0\u00bb make_fullwidth=\u00a0\u00bboff\u00a0\u00bb use_custom_width=\u00a0\u00bboff\u00a0\u00bb use_grid_padding=\u00a0\u00bbon\u00a0\u00bb width_unit=\u00a0\u00bbon\u00a0\u00bb custom_padding=\u00a0\u00bb10px||10px|\u00a0\u00bb padding_mobile=\u00a0\u00bboff\u00a0\u00bb allow_player_pause=\u00a0\u00bboff\u00a0\u00bb parallax=\u00a0\u00bboff\u00a0\u00bb parallax_method=\u00a0\u00bboff\u00a0\u00bb make_equal=\u00a0\u00bboff\u00a0\u00bb parallax_1=\u00a0\u00bboff\u00a0\u00bb parallax_method_1=\u00a0\u00bboff\u00a0\u00bb parallax_2=\u00a0\u00bboff\u00a0\u00bb parallax_method_2=\u00a0\u00bboff\u00a0\u00bb column_padding_mobile=\u00a0\u00bbon\u00a0\u00bb][tm_pb_column type=\u00a0\u00bb3_4&Prime;][tm_pb_accordion admin_label=\u00a0\u00bbQuestions-R\u00e9ponses\u00a0\u00bb use_border_color=\u00a0\u00bboff\u00a0\u00bb border_color=\u00a0\u00bb#ffffff\u00a0\u00bb border_style=\u00a0\u00bbsolid\u00a0\u00bb toggle_text_color=\u00a0\u00bb#fd907a\u00a0\u00bb body_font=\u00a0\u00bb||on||\u00a0\u00bb custom_padding=\u00a0\u00bb10px|||\u00a0\u00bb] [tm_pb_accordion_item title=\u00a0\u00bbEn quoi la microkin\u00e9sith\u00e9rapie peut-elle m&rsquo;aider ?\u00a0\u00bb]<\/p>\n<p>Parce qu&rsquo;elle est fond\u00e9e sur un principe naturel et \u00e9l\u00e9mentaire qui aide le corps a \u00e9vacuer tous les traumatismes pass\u00e9s ou pr\u00e9sents qu&rsquo;il garde en m\u00e9moire et qui l&#8217;emp\u00eachent de bien fonctionner.<\/p>\n<p>Votre corps lutte au quotidien contre tout types d&rsquo;agressions ext\u00e9rieures\u00a0(microbes, toxines, chocs physiques et \u00e9motionnels) et int\u00e9rieures (faiblesse d&rsquo;un organe, fatigue, probl\u00e8mes existentiels.) et se soigne de lui-m\u00eame en silence, sans m\u00eame que vous ne le remarquiez.<\/p>\n<p>Cependant il arrive que\u00a0contre certaines agressions, le corps ne puisse pas r\u00e9agir efficacement, dans ce cas, il garde une trace en m\u00e9moire, une \u00ab\u00a0cicatrice\u00a0\u00bb qu&rsquo;il enfuit dans ces tissus. M\u00eame si vous ne le ressentez pas, un jour ou l&rsquo;autre, l&rsquo;accumulation de ces troubles aura rendu trop faible votre organisme pour r\u00e9agir simplement \u00e0 une douleur qui pourrait alors se d\u00e9velopper en maladie. Apparaissent alors les douleurs et maladies chroniques.<\/p>\n<p>La microkin\u00e9sith\u00e9rapie va vous aider a \u00e9liminer naturellement ces m\u00e9moires de votre corps pour qu&rsquo;il puisse retrouver ses capacit\u00e9s perdues, parfois m\u00eame depuis des ann\u00e9es.<\/p>\n<p>[\/tm_pb_accordion_item][tm_pb_accordion_item title=\u00a0\u00bbCombien de s\u00e9ances faut-il faire ?\u00a0\u00bb]<\/p>\n<p>Pour un sympt\u00f4me donn\u00e9, 2 \u00e0 3 s\u00e9ances sont un maximum.<\/p>\n<p>Elle devront \u00eatre espac\u00e9es de 3 semaines \u00e0 1 mois afin de laisser au corps le temps de r\u00e9agir au travail.<\/p>\n<p>Si le probl\u00e8me est aigu, il est toutefois possibles que 2 s\u00e9ances plus rapproch\u00e9es soient n\u00e9cessaires.<\/p>\n<p>[\/tm_pb_accordion_item][tm_pb_accordion_item title=\u00a0\u00bbComment \u00e7a marche ?\u00a0\u00bb]<\/p>\n<p>Les rythmes vitaux issus de l&rsquo;activit\u00e9 corporelle interne (circulation sanguine, la respiration, les \u00e9changes cellulaires&#8230;) sont per\u00e7us par les mains de votre microkin\u00e9sith\u00e9rapeute par palpation\u00a0sur diff\u00e9rentes zones du corps afin de v\u00e9rifier qu&rsquo;ils sont normaux.<\/p>\n<p>La perception de ces \u00ab\u00a0micro mouvements\u00a0\u00bb permet de d\u00e9terminer s&rsquo;ils sont perturb\u00e9s par une \u00ab\u00a0cicatrice\u00a0\u00bb, source de disfonctionnement de la r\u00e9gion directe ou d&rsquo;une r\u00e9gion reli\u00e9e \u00e0 cet endroit pr\u00e9cis.<\/p>\n<p>[\/tm_pb_accordion_item][tm_pb_accordion_item title=\u00a0\u00bbComment se d\u00e9roule la s\u00e9ance ?\u00a0\u00bb]<\/p>\n<p>Une s\u00e9ance de microkin\u00e9sith\u00e9rapie dure en moyenne une demi-heure.<\/p>\n<p>Apr\u00e8s avoir expos\u00e9 les raisons de votre venue, vous vous installerez confortablement sur une table de massage.<br \/>\nLe microkin\u00e9sith\u00e9rapeute va commencer par contr\u00f4ler vos rythmes vitaux afin de localiser et identifier les cicatrices qui g\u00eanent votre corps.<\/p>\n<p>En cas de d\u00e9couverte d&rsquo;une perturbation, celle va \u00eatre stimul\u00e9e afin de r\u00e9-informer votre organisme de la pr\u00e9sence d&rsquo;une cicatrice. Le rappel effectu\u00e9, votre corps va retrouver la m\u00e9moire du \u00ab\u00a0choc\u00a0\u00bb et se concentrer dessus pour l&rsquo;\u00e9liminer d\u00e9finitivement.<\/p>\n<p>Ce travail d&rsquo;\u00e9limination va entra\u00eener une fatigue durant 1 \u00e0 2 jours, ceci est tout \u00e0 fait normal, veillez donc a pr\u00e9voir une p\u00e9riode d&rsquo;activit\u00e9 physique moins intense apr\u00e8s votre s\u00e9ance.<\/p>\n<p>Afin de contribuer activement au travail\u00a0d&rsquo;\u00e9limination\u00a0de votre corps, il vous est conseill\u00e9 de boire entre 1,5 et 2L d&rsquo;eau par\u00a0jour durant les 2 jours qui suivent la s\u00e9ance (pour un fonctionnement optimal de votre organisme, ce conseil est valable pour tous les jours.)<\/p>\n<p>[\/tm_pb_accordion_item][tm_pb_accordion_item title=\u00a0\u00bbPourquoi ne pas simplement masser la zone douloureuse ?\u00a0\u00bb]<\/p>\n<p>Parce que la m\u00e9moire traumatique qui cause votre douleur n&rsquo;est pas forc\u00e9ment situ\u00e9e \u00e0 l&rsquo;endroit de\u00a0cette douleur.<\/p>\n<p>Le corps est une machine complexe qui peut entrainer des r\u00e9actions en chaine sur longues distances.<\/p>\n<p>C&rsquo;est pourquoi le traitement n&rsquo;est pas localis\u00e9 sur une partie, mais sur l&rsquo;ensemble de l&rsquo;organisme, le microkin\u00e9sith\u00e9rapeute consid\u00e8re le corps dans sa globalit\u00e9.<\/p>\n<p>Par un diagnostic Ajouter au dictionnaire pr\u00e9cis, le microkin\u00e9sith\u00e9rapeute pourra localiser et identifier la m\u00e9moire traumatique qui cause aujourd&rsquo;hui votre douleur.<\/p>\n<p>En aidant le corps\u00a0\u00e0 l&rsquo;\u00e9limination de\u00a0cette cicatrice, cela va non seulement soulager la douleur, mais \u00e9galement \u00e9liminer les risques qu&rsquo;elle revienne, se d\u00e9place ou d\u00e9g\u00e9n\u00e8re.<\/p>\n<p>[\/tm_pb_accordion_item][tm_pb_accordion_item title=\u00a0\u00bbTarif &amp; Mutuelle, qu&rsquo;en est-il ? \u00ab\u00a0]<\/p>\n<p>Bien que reconnue comme \u00ab\u00a0technique de massage\u00a0\u00bb par le minist\u00e8re de la sant\u00e9, la microkin\u00e9sith\u00e9rapie ne fait pas partie des actes remboursables par la Mutuelle.<\/p>\n<p>Tarif d&rsquo;une s\u00e9ance de soin : 65\u20ac<\/p>\n<p>[\/tm_pb_accordion_item] [\/tm_pb_accordion][\/tm_pb_column][tm_pb_column type=\u00a0\u00bb1_4&Prime;][\/tm_pb_column][\/tm_pb_row][\/tm_pb_section]<\/p>\n","protected":false},"excerpt":{"rendered":"<p>[tm_pb_section admin_label=\u00a0\u00bbsection\u00a0\u00bb][tm_pb_row admin_label=\u00a0\u00bbrow\u00a0\u00bb][tm_pb_column type=\u00a0\u00bb2_3&Prime;][tm_pb_text admin_label=\u00a0\u00bbMicrokin\u00e9sith\u00e9rapie\u00a0\u00bb text_orientation=\u00a0\u00bbleft\u00a0\u00bb use_border_color=\u00a0\u00bboff\u00a0\u00bb border_color=\u00a0\u00bb#ffffff\u00a0\u00bb border_style=\u00a0\u00bbsolid\u00a0\u00bb] La microkin\u00e9sith\u00e9rapie en r\u00e9sum\u00e9 Traitement qui a pour but de rechercher sur le corps les traces laiss\u00e9es par les agressions traumatiques, \u00e9motionnelles, toxiques, virales, microbiennes ou environnementales. Par son effet de remise en m\u00e9moire, elle va stimuler les m\u00e9canismes d&rsquo;autocorrections afin d&rsquo;\u00e9viter ou de ralentir la [&hellip;]<\/p>\n","protected":false},"author":1,"featured_media":0,"parent":0,"menu_order":0,"comment_status":"closed","ping_status":"closed","template":"","meta":{"jetpack_post_was_ever_published":false,"footnotes":""},"class_list":["post-98","page","type-page","status-publish","hentry"],"yoast_head":"<!-- This site is optimized with the Yoast SEO plugin v27.4 - https:\/\/yoast.com\/product\/yoast-seo-wordpress\/ -->\n<title>Microkin\u00e9sith\u00e9rapie - Un Temps Pour Soi<\/title>\n<meta name=\"robots\" content=\"index, follow, max-snippet:-1, max-image-preview:large, max-video-preview:-1\" \/>\n<link rel=\"canonical\" href=\"https:\/\/untempspoursoi-wavre.be\/index.php\/microkinesitherapie\/\" \/>\n<meta property=\"og:locale\" content=\"fr_FR\" \/>\n<meta property=\"og:type\" content=\"article\" \/>\n<meta property=\"og:title\" content=\"Microkin\u00e9sith\u00e9rapie - Un Temps Pour Soi\" \/>\n<meta property=\"og:description\" content=\"[tm_pb_section admin_label=\u00a0\u00bbsection\u00a0\u00bb][tm_pb_row admin_label=\u00a0\u00bbrow\u00a0\u00bb][tm_pb_column type=\u00a0\u00bb2_3&Prime;][tm_pb_text admin_label=\u00a0\u00bbMicrokin\u00e9sith\u00e9rapie\u00a0\u00bb text_orientation=\u00a0\u00bbleft\u00a0\u00bb use_border_color=\u00a0\u00bboff\u00a0\u00bb border_color=\u00a0\u00bb#ffffff\u00a0\u00bb border_style=\u00a0\u00bbsolid\u00a0\u00bb] La microkin\u00e9sith\u00e9rapie en r\u00e9sum\u00e9 Traitement qui a pour but de rechercher sur le corps les traces laiss\u00e9es par les agressions traumatiques, \u00e9motionnelles, toxiques, virales, microbiennes ou environnementales. Par son effet de remise en m\u00e9moire, elle va stimuler les m\u00e9canismes d&rsquo;autocorrections afin d&rsquo;\u00e9viter ou de ralentir la [&hellip;]\" \/>\n<meta property=\"og:url\" content=\"https:\/\/untempspoursoi-wavre.be\/index.php\/microkinesitherapie\/\" \/>\n<meta property=\"og:site_name\" content=\"Un Temps Pour Soi\" \/>\n<meta property=\"article:modified_time\" content=\"2022-09-09T04:21:43+00:00\" \/>\n<meta name=\"twitter:card\" content=\"summary_large_image\" \/>\n<meta name=\"twitter:label1\" content=\"Dur\u00e9e de lecture estim\u00e9e\" \/>\n\t<meta name=\"twitter:data1\" content=\"4 minutes\" \/>\n<script type=\"application\/ld+json\" class=\"yoast-schema-graph\">{\"@context\":\"https:\\\/\\\/schema.org\",\"@graph\":[{\"@type\":\"WebPage\",\"@id\":\"https:\\\/\\\/untempspoursoi-wavre.be\\\/index.php\\\/microkinesitherapie\\\/\",\"url\":\"https:\\\/\\\/untempspoursoi-wavre.be\\\/index.php\\\/microkinesitherapie\\\/\",\"name\":\"Microkin\u00e9sith\u00e9rapie - Un Temps Pour Soi\",\"isPartOf\":{\"@id\":\"https:\\\/\\\/untempspoursoi-wavre.be\\\/#website\"},\"datePublished\":\"2017-03-01T10:04:47+00:00\",\"dateModified\":\"2022-09-09T04:21:43+00:00\",\"breadcrumb\":{\"@id\":\"https:\\\/\\\/untempspoursoi-wavre.be\\\/index.php\\\/microkinesitherapie\\\/#breadcrumb\"},\"inLanguage\":\"fr-FR\",\"potentialAction\":[{\"@type\":\"ReadAction\",\"target\":[\"https:\\\/\\\/untempspoursoi-wavre.be\\\/index.php\\\/microkinesitherapie\\\/\"]}]},{\"@type\":\"BreadcrumbList\",\"@id\":\"https:\\\/\\\/untempspoursoi-wavre.be\\\/index.php\\\/microkinesitherapie\\\/#breadcrumb\",\"itemListElement\":[{\"@type\":\"ListItem\",\"position\":1,\"name\":\"Accueil\",\"item\":\"https:\\\/\\\/untempspoursoi-wavre.be\\\/\"},{\"@type\":\"ListItem\",\"position\":2,\"name\":\"Microkin\u00e9sith\u00e9rapie\"}]},{\"@type\":\"WebSite\",\"@id\":\"https:\\\/\\\/untempspoursoi-wavre.be\\\/#website\",\"url\":\"https:\\\/\\\/untempspoursoi-wavre.be\\\/\",\"name\":\"Un Temps Pour Soi\",\"description\":\"\",\"potentialAction\":[{\"@type\":\"SearchAction\",\"target\":{\"@type\":\"EntryPoint\",\"urlTemplate\":\"https:\\\/\\\/untempspoursoi-wavre.be\\\/?s={search_term_string}\"},\"query-input\":{\"@type\":\"PropertyValueSpecification\",\"valueRequired\":true,\"valueName\":\"search_term_string\"}}],\"inLanguage\":\"fr-FR\"}]}<\/script>\n<!-- \/ Yoast SEO plugin. -->","yoast_head_json":{"title":"Microkin\u00e9sith\u00e9rapie - Un Temps Pour Soi","robots":{"index":"index","follow":"follow","max-snippet":"max-snippet:-1","max-image-preview":"max-image-preview:large","max-video-preview":"max-video-preview:-1"},"canonical":"https:\/\/untempspoursoi-wavre.be\/index.php\/microkinesitherapie\/","og_locale":"fr_FR","og_type":"article","og_title":"Microkin\u00e9sith\u00e9rapie - Un Temps Pour Soi","og_description":"[tm_pb_section admin_label=\u00a0\u00bbsection\u00a0\u00bb][tm_pb_row admin_label=\u00a0\u00bbrow\u00a0\u00bb][tm_pb_column type=\u00a0\u00bb2_3&Prime;][tm_pb_text admin_label=\u00a0\u00bbMicrokin\u00e9sith\u00e9rapie\u00a0\u00bb text_orientation=\u00a0\u00bbleft\u00a0\u00bb use_border_color=\u00a0\u00bboff\u00a0\u00bb border_color=\u00a0\u00bb#ffffff\u00a0\u00bb border_style=\u00a0\u00bbsolid\u00a0\u00bb] La microkin\u00e9sith\u00e9rapie en r\u00e9sum\u00e9 Traitement qui a pour but de rechercher sur le corps les traces laiss\u00e9es par les agressions traumatiques, \u00e9motionnelles, toxiques, virales, microbiennes ou environnementales. Par son effet de remise en m\u00e9moire, elle va stimuler les m\u00e9canismes d&rsquo;autocorrections afin d&rsquo;\u00e9viter ou de ralentir la [&hellip;]","og_url":"https:\/\/untempspoursoi-wavre.be\/index.php\/microkinesitherapie\/","og_site_name":"Un Temps Pour Soi","article_modified_time":"2022-09-09T04:21:43+00:00","twitter_card":"summary_large_image","twitter_misc":{"Dur\u00e9e de lecture estim\u00e9e":"4 minutes"},"schema":{"@context":"https:\/\/schema.org","@graph":[{"@type":"WebPage","@id":"https:\/\/untempspoursoi-wavre.be\/index.php\/microkinesitherapie\/","url":"https:\/\/untempspoursoi-wavre.be\/index.php\/microkinesitherapie\/","name":"Microkin\u00e9sith\u00e9rapie - Un Temps Pour Soi","isPartOf":{"@id":"https:\/\/untempspoursoi-wavre.be\/#website"},"datePublished":"2017-03-01T10:04:47+00:00","dateModified":"2022-09-09T04:21:43+00:00","breadcrumb":{"@id":"https:\/\/untempspoursoi-wavre.be\/index.php\/microkinesitherapie\/#breadcrumb"},"inLanguage":"fr-FR","potentialAction":[{"@type":"ReadAction","target":["https:\/\/untempspoursoi-wavre.be\/index.php\/microkinesitherapie\/"]}]},{"@type":"BreadcrumbList","@id":"https:\/\/untempspoursoi-wavre.be\/index.php\/microkinesitherapie\/#breadcrumb","itemListElement":[{"@type":"ListItem","position":1,"name":"Accueil","item":"https:\/\/untempspoursoi-wavre.be\/"},{"@type":"ListItem","position":2,"name":"Microkin\u00e9sith\u00e9rapie"}]},{"@type":"WebSite","@id":"https:\/\/untempspoursoi-wavre.be\/#website","url":"https:\/\/untempspoursoi-wavre.be\/","name":"Un Temps Pour Soi","description":"","potentialAction":[{"@type":"SearchAction","target":{"@type":"EntryPoint","urlTemplate":"https:\/\/untempspoursoi-wavre.be\/?s={search_term_string}"},"query-input":{"@type":"PropertyValueSpecification","valueRequired":true,"valueName":"search_term_string"}}],"inLanguage":"fr-FR"}]}},"jetpack_sharing_enabled":true,"jetpack_shortlink":"https:\/\/wp.me\/P8s3DY-1A","_links":{"self":[{"href":"https:\/\/untempspoursoi-wavre.be\/index.php\/wp-json\/wp\/v2\/pages\/98","targetHints":{"allow":["GET"]}}],"collection":[{"href":"https:\/\/untempspoursoi-wavre.be\/index.php\/wp-json\/wp\/v2\/pages"}],"about":[{"href":"https:\/\/untempspoursoi-wavre.be\/index.php\/wp-json\/wp\/v2\/types\/page"}],"author":[{"embeddable":true,"href":"https:\/\/untempspoursoi-wavre.be\/index.php\/wp-json\/wp\/v2\/users\/1"}],"replies":[{"embeddable":true,"href":"https:\/\/untempspoursoi-wavre.be\/index.php\/wp-json\/wp\/v2\/comments?post=98"}],"version-history":[{"count":20,"href":"https:\/\/untempspoursoi-wavre.be\/index.php\/wp-json\/wp\/v2\/pages\/98\/revisions"}],"predecessor-version":[{"id":276,"href":"https:\/\/untempspoursoi-wavre.be\/index.php\/wp-json\/wp\/v2\/pages\/98\/revisions\/276"}],"wp:attachment":[{"href":"https:\/\/untempspoursoi-wavre.be\/index.php\/wp-json\/wp\/v2\/media?parent=98"}],"curies":[{"name":"wp","href":"https:\/\/api.w.org\/{rel}","templated":true}]}}